{"id":20948,"date":"2024-09-03T13:15:10","date_gmt":"2024-09-03T11:15:10","guid":{"rendered":"https:\/\/ladymary.com\/?post_type=product&#038;p=20948"},"modified":"2025-11-28T19:30:57","modified_gmt":"2025-11-28T17:30:57","slug":"cherry-bloom-cbd-17-fr","status":"publish","type":"product","link":"https:\/\/ladymary.com\/fr\/produit\/cherry-bloom-cbd-17-fr\/","title":{"rendered":"Cherry Bloom &#8211; CBD 17%"},"content":{"rendered":"<h5><strong>Fleur de CBD italienne s\u00e9lectionn\u00e9e<\/strong><\/h5>\n<p>Cherry Bloom est une fleur de CBD italienne d\u2019exception, cultiv\u00e9e sous serre et minutieusement manucur\u00e9e \u00e0 la main en Italie. Avec 17&nbsp;% de CBD et moins de 0,2&nbsp;% de THC, elle fait le bonheur des amateurs et des connaisseurs les plus exigeants.<\/p>\n<p>Nos cultivateurs sp\u00e9cialis\u00e9s accompagnent chaque \u00e9tape \u2013 de la culture \u00e0 la r\u00e9colte puis \u00e0 la transformation. Gr\u00e2ce \u00e0 une recherche continue, ils choisissent les meilleures g\u00e9n\u00e9tiques de chanvre riches en CBD et naturellement pauvres en THC. Cherry Bloom est l\u2019une de ces vari\u00e9t\u00e9s d\u2019\u00e9lite, \u00e0 l\u2019aromatique riche et satisfaisante.<\/p>\n<p>La plante est \u00e9lev\u00e9e dans le respect total de son cycle naturel, sans engrais chimiques ni additifs, pour pr\u00e9server toute sa puret\u00e9.<\/p>\n<h5><strong>Manucure et affinage artisanaux<\/strong><\/h5>\n<p>Chaque fleur est taill\u00e9e exclusivement \u00e0 la main pour garantir des t\u00eates nettes et parfaitement form\u00e9es. Un s\u00e9chage lent et un stockage contr\u00f4l\u00e9 en temp\u00e9rature et humidit\u00e9 prot\u00e8gent la richesse naturelle des terp\u00e8nes. Cherry Bloom d\u00e9voile ainsi de vives notes d\u2019agrume m\u00eal\u00e9es \u00e0 des nuances florales et fruit\u00e9es.<\/p>\n<h5><strong>Signature organoleptique<\/strong><\/h5>\n<p>Cherry Bloom rend hommage \u00e0 la grande tradition du chanvre italien. Sa palette sucr\u00e9e-florale, relev\u00e9e d\u2019une fra\u00eecheur fruit\u00e9e, offre une exp\u00e9rience sensorielle m\u00e9morable et souligne la qualit\u00e9 incomparable de cette fleur l\u00e9gale.<\/p>\n<p><em>Produit conforme au <a href=\"https:\/\/eur-lex.europa.eu\/legal-content\/EN\/TXT\/?uri=celex:32013R1307\" target=\"_blank\" rel=\"noopener noreferrer\">R\u00e8glement (UE) n\u00b0 1307\/2013<\/a>.<br \/>\nContient des inflorescences femelles s\u00e9ch\u00e9es de Cannabis Sativa L. r\u00e9pertori\u00e9es dans les catalogues communs des vari\u00e9t\u00e9s agricoles. THC &lt; 0,2&nbsp;%.<br \/>\n100&nbsp;% cultiv\u00e9 naturellement ; destin\u00e9 \u00e0 un usage technique ou de collection.<br \/>\nTenir hors de port\u00e9e des enfants. D\u00e9conseill\u00e9 aux mineurs de moins de 18 ans et aux femmes enceintes. Conserver dans un endroit frais, sec et \u00e0 l\u2019abri de la lumi\u00e8re.<\/em><\/p>\n","protected":false},"excerpt":{"rendered":"<p>Plongez dans Cherry Bloom : une fleur de CBD raffin\u00e9e, cultiv\u00e9e dans les meilleures serres italiennes, r\u00e9colt\u00e9e et manucur\u00e9e \u00e0 la main pour r\u00e9v\u00e9ler 17&nbsp;% de CBD et moins de 0,2&nbsp;% de THC. Ses notes florales sucr\u00e9es, ses touches fruit\u00e9es fra\u00eeches et un soup\u00e7on d\u2019agrume composent un bouquet \u00e9l\u00e9gant, id\u00e9al pour les connaisseurs en qu\u00eate de saveurs et de finesse&#8230;.<\/p>\n","protected":false},"featured_media":19090,"template":"","meta":{"_acf_changed":false},"product_brand":[],"product_cat":[2558],"product_tag":[2548,2550,2551,2552,2553],"class_list":{"0":"post-20948","1":"product","2":"type-product","3":"status-publish","4":"has-post-thumbnail","6":"product_cat-boutique-fleurs-cbd","7":"product_tag-cannabis-fr","8":"product_tag-cannabis-light-fr","9":"product_tag-ladymary-cannabis-fr","10":"product_tag-legal-cannabis-fr","11":"product_tag-legal-weed-fr","13":"first","14":"instock","15":"shipping-taxable","16":"purchasable","17":"product-type-variable","18":"has-default-attributes"},"acf":[],"yoast_head":"<!-- This site is optimized with the Yoast SEO plugin v27.3 - https:\/\/yoast.com\/product\/yoast-seo-wordpress\/ -->\n<title>Cherry Bloom - CBD 17% - CBD Flower - Ladymary Online Shop<\/title>\n<meta name=\"description\" content=\"Discover Cherry Bloom, a premium CBD flower cultivated in Italy&#039;s finest greenhouses. Hand-picked and rich in 17% CBD, it offers a delicate balance of sweet floral notes, fresh fruity undertones, and zesty citrus terpenes for an uplifting and flavorful experience. Perfect for CBD connoisseurs seeking quality and finesse.\" \/>\n<meta name=\"robots\" content=\"index, follow, max-snippet:-1, max-image-preview:large, max-video-preview:-1\" \/>\n<link rel=\"canonical\" href=\"https:\/\/ladymary.com\/fr\/produit\/cherry-bloom-cbd-17-fr\/\" \/>\n<meta property=\"og:locale\" content=\"fr_FR\" \/>\n<meta property=\"og:type\" content=\"article\" \/>\n<meta property=\"og:title\" content=\"Cherry Bloom - CBD 17% - CBD Flower - Ladymary Online Shop\" \/>\n<meta property=\"og:description\" content=\"Discover Cherry Bloom, a premium CBD flower cultivated in Italy&#039;s finest greenhouses. Hand-picked and rich in 17% CBD, it offers a delicate balance of sweet floral notes, fresh fruity undertones, and zesty citrus terpenes for an uplifting and flavorful experience. Perfect for CBD connoisseurs seeking quality and finesse.\" \/>\n<meta property=\"og:url\" content=\"https:\/\/ladymary.com\/fr\/produit\/cherry-bloom-cbd-17-fr\/\" \/>\n<meta property=\"og:site_name\" content=\"LadyMary\" \/>\n<meta property=\"article:publisher\" content=\"https:\/\/www.facebook.com\/ladymaryj\/\" \/>\n<meta property=\"article:modified_time\" content=\"2025-11-28T17:30:57+00:00\" \/>\n<meta property=\"og:image\" content=\"https:\/\/ladymary.com\/wp-content\/uploads\/2022\/08\/summer-sale.jpg\" \/>\n\t<meta property=\"og:image:width\" content=\"1620\" \/>\n\t<meta property=\"og:image:height\" content=\"1080\" \/>\n\t<meta property=\"og:image:type\" content=\"image\/jpeg\" \/>\n<meta name=\"twitter:card\" content=\"summary_large_image\" \/>\n<meta name=\"twitter:site\" content=\"@ladymarych\" \/>\n<meta name=\"twitter:label1\" content=\"Dur\u00e9e de lecture estim\u00e9e\" \/>\n\t<meta name=\"twitter:data1\" content=\"2 minutes\" \/>\n<!-- \/ Yoast SEO plugin. -->","yoast_head_json":{"title":"Cherry Bloom - CBD 17% - CBD Flower - Ladymary Online Shop","description":"Discover Cherry Bloom, a premium CBD flower cultivated in Italy's finest greenhouses. Hand-picked and rich in 17% CBD, it offers a delicate balance of sweet floral notes, fresh fruity undertones, and zesty citrus terpenes for an uplifting and flavorful experience. Perfect for CBD connoisseurs seeking quality and finesse.","robots":{"index":"index","follow":"follow","max-snippet":"max-snippet:-1","max-image-preview":"max-image-preview:large","max-video-preview":"max-video-preview:-1"},"canonical":"https:\/\/ladymary.com\/fr\/produit\/cherry-bloom-cbd-17-fr\/","og_locale":"fr_FR","og_type":"article","og_title":"Cherry Bloom - CBD 17% - CBD Flower - Ladymary Online Shop","og_description":"Discover Cherry Bloom, a premium CBD flower cultivated in Italy's finest greenhouses. Hand-picked and rich in 17% CBD, it offers a delicate balance of sweet floral notes, fresh fruity undertones, and zesty citrus terpenes for an uplifting and flavorful experience. Perfect for CBD connoisseurs seeking quality and finesse.","og_url":"https:\/\/ladymary.com\/fr\/produit\/cherry-bloom-cbd-17-fr\/","og_site_name":"LadyMary","article_publisher":"https:\/\/www.facebook.com\/ladymaryj\/","article_modified_time":"2025-11-28T17:30:57+00:00","og_image":[{"width":1620,"height":1080,"url":"https:\/\/ladymary.com\/wp-content\/uploads\/2022\/08\/summer-sale.jpg","type":"image\/jpeg"}],"twitter_card":"summary_large_image","twitter_site":"@ladymarych","twitter_misc":{"Dur\u00e9e de lecture estim\u00e9e":"2 minutes"},"schema":{"@context":"https:\/\/schema.org","@graph":[{"@type":"WebPage","@id":"https:\/\/ladymary.com\/fr\/produit\/cherry-bloom-cbd-17-fr\/","url":"https:\/\/ladymary.com\/fr\/produit\/cherry-bloom-cbd-17-fr\/","name":"Cherry Bloom - CBD 17% - CBD Flower - Ladymary Online Shop","isPartOf":{"@id":"https:\/\/ladymary.com\/fr\/#website"},"primaryImageOfPage":{"@id":"https:\/\/ladymary.com\/fr\/produit\/cherry-bloom-cbd-17-fr\/#primaryimage"},"image":{"@id":"https:\/\/ladymary.com\/fr\/produit\/cherry-bloom-cbd-17-fr\/#primaryimage"},"thumbnailUrl":"https:\/\/ladymary.com\/wp-content\/uploads\/2022\/08\/summer-sale.jpg","datePublished":"2024-09-03T11:15:10+00:00","dateModified":"2025-11-28T17:30:57+00:00","description":"Discover Cherry Bloom, a premium CBD flower cultivated in Italy's finest greenhouses. Hand-picked and rich in 17% CBD, it offers a delicate balance of sweet floral notes, fresh fruity undertones, and zesty citrus terpenes for an uplifting and flavorful experience. Perfect for CBD connoisseurs seeking quality and finesse.","breadcrumb":{"@id":"https:\/\/ladymary.com\/fr\/produit\/cherry-bloom-cbd-17-fr\/#breadcrumb"},"inLanguage":"fr-FR","potentialAction":[{"@type":"ReadAction","target":["https:\/\/ladymary.com\/fr\/produit\/cherry-bloom-cbd-17-fr\/"]}]},{"@type":"ImageObject","inLanguage":"fr-FR","@id":"https:\/\/ladymary.com\/fr\/produit\/cherry-bloom-cbd-17-fr\/#primaryimage","url":"https:\/\/ladymary.com\/wp-content\/uploads\/2022\/08\/summer-sale.jpg","contentUrl":"https:\/\/ladymary.com\/wp-content\/uploads\/2022\/08\/summer-sale.jpg","width":1620,"height":1080,"caption":"Summer Sale 50% CBD Flowers"},{"@type":"BreadcrumbList","@id":"https:\/\/ladymary.com\/fr\/produit\/cherry-bloom-cbd-17-fr\/#breadcrumb","itemListElement":[{"@type":"ListItem","position":1,"name":"Home","item":"https:\/\/ladymary.com\/fr\/home\/"},{"@type":"ListItem","position":2,"name":"Shop","item":"https:\/\/ladymary.com\/negozio\/"},{"@type":"ListItem","position":3,"name":"Cherry Bloom &#8211; CBD 17%"}]},{"@type":"WebSite","@id":"https:\/\/ladymary.com\/fr\/#website","url":"https:\/\/ladymary.com\/fr\/","name":"LadyMary","description":"Cannabis Flower Boutique","publisher":{"@id":"https:\/\/ladymary.com\/fr\/#organization"},"potentialAction":[{"@type":"SearchAction","target":{"@type":"EntryPoint","urlTemplate":"https:\/\/ladymary.com\/fr\/?s={search_term_string}"},"query-input":{"@type":"PropertyValueSpecification","valueRequired":true,"valueName":"search_term_string"}}],"inLanguage":"fr-FR"},{"@type":"Organization","@id":"https:\/\/ladymary.com\/fr\/#organization","name":"Ladymary","url":"https:\/\/ladymary.com\/fr\/","logo":{"@type":"ImageObject","inLanguage":"fr-FR","@id":"https:\/\/ladymary.com\/fr\/#\/schema\/logo\/image\/","url":"https:\/\/ladymary.com\/wp-content\/uploads\/2018\/04\/logo_small.png","contentUrl":"https:\/\/ladymary.com\/wp-content\/uploads\/2018\/04\/logo_small.png","width":400,"height":83,"caption":"Ladymary"},"image":{"@id":"https:\/\/ladymary.com\/fr\/#\/schema\/logo\/image\/"},"sameAs":["https:\/\/www.facebook.com\/ladymaryj\/","https:\/\/x.com\/ladymarych","https:\/\/www.instagram.com\/ladymary_official\/"]}]}},"_links":{"self":[{"href":"https:\/\/ladymary.com\/fr\/wp-json\/wp\/v2\/product\/20948","targetHints":{"allow":["GET"]}}],"collection":[{"href":"https:\/\/ladymary.com\/fr\/wp-json\/wp\/v2\/product"}],"about":[{"href":"https:\/\/ladymary.com\/fr\/wp-json\/wp\/v2\/types\/product"}],"wp:featuredmedia":[{"embeddable":true,"href":"https:\/\/ladymary.com\/fr\/wp-json\/wp\/v2\/media\/19090"}],"wp:attachment":[{"href":"https:\/\/ladymary.com\/fr\/wp-json\/wp\/v2\/media?parent=20948"}],"wp:term":[{"taxonomy":"product_brand","embeddable":true,"href":"https:\/\/ladymary.com\/fr\/wp-json\/wp\/v2\/product_brand?post=20948"},{"taxonomy":"product_cat","embeddable":true,"href":"https:\/\/ladymary.com\/fr\/wp-json\/wp\/v2\/product_cat?post=20948"},{"taxonomy":"product_tag","embeddable":true,"href":"https:\/\/ladymary.com\/fr\/wp-json\/wp\/v2\/product_tag?post=20948"}],"curies":[{"name":"wp","href":"https:\/\/api.w.org\/{rel}","templated":true}]}}