{"id":19110,"date":"2018-05-14T17:39:46","date_gmt":"2018-05-14T17:39:46","guid":{"rendered":"https:\/\/ladymary.com\/home\/"},"modified":"2023-01-18T11:28:11","modified_gmt":"2023-01-18T09:28:11","slug":"home","status":"publish","type":"page","link":"https:\/\/ladymary.com\/fr\/","title":{"rendered":"Home"},"content":{"rendered":"<h2>Boutique en ligne de fleurs CBD, producteur et grossiste l\u00e9gal de cannabis<\/h2>\n<p>Ladymary est l&rsquo;un des plus grands producteurs et grossistes l\u00e9gaux europ\u00e9ens de cannabis, ainsi qu&rsquo;une boutique en ligne de fleurs CBD o\u00f9 acheter des fleurs CBD en ligne en Europe 24h\/24 et 7j\/7 avec livraison en 24h dans toute l&rsquo;Europe. Nous proposons de l&rsquo;herbe CBD de haute qualit\u00e9, 100% l\u00e9gale pour l&rsquo;Europe. Nos produits CBD sont soigneusement s\u00e9lectionn\u00e9s et certifi\u00e9s par des laboratoires europ\u00e9ens pour garantir \u00e0 nos clients des produits de la meilleure qualit\u00e9 conformes aux <a href=\"https:\/\/www.legifrance.gouv.fr\/jorf\/id\/JORFTEXT000044793213\">lois en vigueur<\/a>.<\/p>\n<h4>NOUS GARANTISSONS L&rsquo;APPROVISIONNEMENT DES MEILLEURES FLEURS DE CANNABIS SATIVA L<\/h4>\n<p>Les produits disponibles sont le r\u00e9sultat d&rsquo;un travail minutieux de culture et de s\u00e9lection des meilleures fleurs par nos agriculteurs et nos fournisseurs.<br \/>\n\u00c9tant un produit sans pesticides, nous rappelons \u00e0 nos clients que chaque lot peut pr\u00e9senter des caract\u00e9ristiques l\u00e9g\u00e8rement diff\u00e9rentes en apparence mais nous garantissons toujours la qualit\u00e9 et la pr\u00e9cision de nos services.<br \/>\nNos fleurs de cannabis sont \u00e0 consid\u00e9rer en nombre limit\u00e9 car nous ne s\u00e9lectionnons que le meilleur de la production et des approvisionnements.<\/p>\n<h4>LIVRAISON EN 24\/48H DANS TOUTE L&rsquo;EUROPE<\/h4>\n<p>La livraison de nos produits est effectu\u00e9e de mani\u00e8re pr\u00e9cise et rapide, garantissant la totale confidentialit\u00e9 des commandes et assurant ainsi une s\u00e9curit\u00e9 maximale \u00e0 des fins l\u00e9gislatives.<\/p>\n<p>Dans notre magasin de fleurs CBD, vous pouvez acheter des fleurs CBD en ligne et les faire livrer en 24\/48 heures dans la plupart des localit\u00e9s europ\u00e9ennes et en 1 \u00e0 3 jours ouvrables dans les localit\u00e9s \u00e9loign\u00e9es.<br \/>\nChaque inflorescence de chanvre l\u00e9gal poss\u00e8de un certificat d&rsquo;analyse sp\u00e9cial o\u00f9 sont indiqu\u00e9s les param\u00e8tres l\u00e9gislatifs du THC et du CBD.<\/p>\n","protected":false},"excerpt":{"rendered":"<p>Boutique en ligne de fleurs CBD, producteur et grossiste l\u00e9gal de cannabis Ladymary est l&rsquo;un des plus grands producteurs et grossistes l\u00e9gaux europ\u00e9ens de cannabis, ainsi qu&rsquo;une boutique en ligne de fleurs CBD o\u00f9 acheter des fleurs CBD en ligne en Europe 24h\/24 et 7j\/7 avec livraison en 24h dans toute l&rsquo;Europe. Nous proposons de&#8230;<\/p>\n","protected":false},"author":2,"featured_media":0,"parent":0,"menu_order":0,"comment_status":"closed","ping_status":"closed","template":"page-templates\/homepage.php","meta":{"_acf_changed":false,"footnotes":""},"class_list":["post-19110","page","type-page","status-publish","hentry"],"acf":[],"yoast_head":"<!-- This site is optimized with the Yoast SEO plugin v27.3 - https:\/\/yoast.com\/product\/yoast-seo-wordpress\/ -->\n<title>ACHETER DES CBD ONLINE EN FRANCE - LIVRAISON 24\/48h<\/title>\n<meta name=\"description\" content=\"Ladymary est un producteur l\u00e9gal de mauvaises herbes, un grossiste et une boutique online de fleurs CBD o\u00f9 acheter des fleurs CBD en Europe. 100% l\u00e9gal pour l&#039;Europe.\" \/>\n<meta name=\"robots\" content=\"index, follow, max-snippet:-1, max-image-preview:large, max-video-preview:-1\" \/>\n<link rel=\"canonical\" href=\"https:\/\/ladymary.com\/fr\/\" \/>\n<meta property=\"og:locale\" content=\"fr_FR\" \/>\n<meta property=\"og:type\" content=\"article\" \/>\n<meta property=\"og:title\" content=\"PREMIUM CBD HEMP FLOWERS - 24\/48h DELIVERY\" \/>\n<meta property=\"og:description\" content=\"Ladymary is a legal weed grower and wholesaler, as well as a CBD flower boutique where to buy premium CBD hemp flowers online in Europe. 100% legal for Europe.\" \/>\n<meta property=\"og:url\" content=\"https:\/\/ladymary.com\/fr\/\" \/>\n<meta property=\"og:site_name\" content=\"LadyMary\" \/>\n<meta property=\"article:publisher\" content=\"https:\/\/www.facebook.com\/ladymaryj\/\" \/>\n<meta property=\"article:modified_time\" content=\"2023-01-18T09:28:11+00:00\" \/>\n<meta property=\"og:image\" content=\"https:\/\/ladymary.com\/wp-content\/uploads\/2020\/09\/ladymary-boutique.jpg\" \/>\n\t<meta property=\"og:image:width\" content=\"1620\" \/>\n\t<meta property=\"og:image:height\" content=\"1620\" \/>\n\t<meta property=\"og:image:type\" content=\"image\/jpeg\" \/>\n<meta name=\"twitter:card\" content=\"summary_large_image\" \/>\n<meta name=\"twitter:site\" content=\"@ladymarych\" \/>\n<meta name=\"twitter:label1\" content=\"Dur\u00e9e de lecture estim\u00e9e\" \/>\n\t<meta name=\"twitter:data1\" content=\"2 minutes\" \/>\n<!-- \/ Yoast SEO plugin. -->","yoast_head_json":{"title":"ACHETER DES CBD ONLINE EN FRANCE - LIVRAISON 24\/48h","description":"Ladymary est un producteur l\u00e9gal de mauvaises herbes, un grossiste et une boutique online de fleurs CBD o\u00f9 acheter des fleurs CBD en Europe. 100% l\u00e9gal pour l'Europe.","robots":{"index":"index","follow":"follow","max-snippet":"max-snippet:-1","max-image-preview":"max-image-preview:large","max-video-preview":"max-video-preview:-1"},"canonical":"https:\/\/ladymary.com\/fr\/","og_locale":"fr_FR","og_type":"article","og_title":"PREMIUM CBD HEMP FLOWERS - 24\/48h DELIVERY","og_description":"Ladymary is a legal weed grower and wholesaler, as well as a CBD flower boutique where to buy premium CBD hemp flowers online in Europe. 100% legal for Europe.","og_url":"https:\/\/ladymary.com\/fr\/","og_site_name":"LadyMary","article_publisher":"https:\/\/www.facebook.com\/ladymaryj\/","article_modified_time":"2023-01-18T09:28:11+00:00","og_image":[{"width":1620,"height":1620,"url":"https:\/\/ladymary.com\/wp-content\/uploads\/2020\/09\/ladymary-boutique.jpg","type":"image\/jpeg"}],"twitter_card":"summary_large_image","twitter_site":"@ladymarych","twitter_misc":{"Dur\u00e9e de lecture estim\u00e9e":"2 minutes"},"schema":{"@context":"https:\/\/schema.org","@graph":[{"@type":"WebPage","@id":"https:\/\/ladymary.com\/fr\/","url":"https:\/\/ladymary.com\/fr\/","name":"ACHETER DES CBD ONLINE EN FRANCE - LIVRAISON 24\/48h","isPartOf":{"@id":"https:\/\/ladymary.com\/fr\/#website"},"datePublished":"2018-05-14T17:39:46+00:00","dateModified":"2023-01-18T09:28:11+00:00","description":"Ladymary est un producteur l\u00e9gal de mauvaises herbes, un grossiste et une boutique online de fleurs CBD o\u00f9 acheter des fleurs CBD en Europe. 100% l\u00e9gal pour l'Europe.","breadcrumb":{"@id":"https:\/\/ladymary.com\/fr\/#breadcrumb"},"inLanguage":"fr-FR","potentialAction":[{"@type":"ReadAction","target":["https:\/\/ladymary.com\/fr\/"]}]},{"@type":"BreadcrumbList","@id":"https:\/\/ladymary.com\/fr\/#breadcrumb","itemListElement":[{"@type":"ListItem","position":1,"name":"Home","item":"https:\/\/ladymary.com\/fr\/home\/"},{"@type":"ListItem","position":2,"name":"Home"}]},{"@type":"WebSite","@id":"https:\/\/ladymary.com\/fr\/#website","url":"https:\/\/ladymary.com\/fr\/","name":"LadyMary","description":"Cannabis Flower Boutique","publisher":{"@id":"https:\/\/ladymary.com\/fr\/#organization"},"potentialAction":[{"@type":"SearchAction","target":{"@type":"EntryPoint","urlTemplate":"https:\/\/ladymary.com\/fr\/?s={search_term_string}"},"query-input":{"@type":"PropertyValueSpecification","valueRequired":true,"valueName":"search_term_string"}}],"inLanguage":"fr-FR"},{"@type":"Organization","@id":"https:\/\/ladymary.com\/fr\/#organization","name":"Ladymary","url":"https:\/\/ladymary.com\/fr\/","logo":{"@type":"ImageObject","inLanguage":"fr-FR","@id":"https:\/\/ladymary.com\/fr\/#\/schema\/logo\/image\/","url":"https:\/\/ladymary.com\/wp-content\/uploads\/2018\/04\/logo_small.png","contentUrl":"https:\/\/ladymary.com\/wp-content\/uploads\/2018\/04\/logo_small.png","width":400,"height":83,"caption":"Ladymary"},"image":{"@id":"https:\/\/ladymary.com\/fr\/#\/schema\/logo\/image\/"},"sameAs":["https:\/\/www.facebook.com\/ladymaryj\/","https:\/\/x.com\/ladymarych","https:\/\/www.instagram.com\/ladymary_official\/"]}]}},"_links":{"self":[{"href":"https:\/\/ladymary.com\/fr\/wp-json\/wp\/v2\/pages\/19110","targetHints":{"allow":["GET"]}}],"collection":[{"href":"https:\/\/ladymary.com\/fr\/wp-json\/wp\/v2\/pages"}],"about":[{"href":"https:\/\/ladymary.com\/fr\/wp-json\/wp\/v2\/types\/page"}],"author":[{"embeddable":true,"href":"https:\/\/ladymary.com\/fr\/wp-json\/wp\/v2\/users\/2"}],"replies":[{"embeddable":true,"href":"https:\/\/ladymary.com\/fr\/wp-json\/wp\/v2\/comments?post=19110"}],"version-history":[{"count":0,"href":"https:\/\/ladymary.com\/fr\/wp-json\/wp\/v2\/pages\/19110\/revisions"}],"wp:attachment":[{"href":"https:\/\/ladymary.com\/fr\/wp-json\/wp\/v2\/media?parent=19110"}],"curies":[{"name":"wp","href":"https:\/\/api.w.org\/{rel}","templated":true}]}}