{"id":14394,"date":"2018-03-21T17:45:17","date_gmt":"2018-03-21T15:45:17","guid":{"rendered":"https:\/\/ladymary.com\/product\/indoor-cbd-flower-power\/"},"modified":"2025-10-10T16:10:29","modified_gmt":"2025-10-10T14:10:29","slug":"indoor-cbd-flower-power","status":"publish","type":"product","link":"https:\/\/ladymary.com\/de\/produkt\/indoor-cbd-flower-power\/","title":{"rendered":"Flower Power &#8211; INDOOR &#8211; CBD 26%"},"content":{"rendered":"<h5>Feine Qualit\u00e4t mit hohem CBD-Anteil<\/h5>\n<p>Flower Power ist eine INDOOR CBD-Bl\u00fcte in TOP-Qualit\u00e4t mit einem au\u00dferordentlich hohen CBD-Anteil von 26%.<br \/>\nDer THC-Gehalt liegt noch unter 0,2%.<\/p>\n<p>Es handelt sich um reine Bl\u00fctenst\u00e4nde von ausgew\u00e4hltem italienischen Hanf.<\/p>\n<p>Flower Power wird nat\u00fcrlich von erfahrenen Landwirten angebaut, die dank einer sorgf\u00e4ltigen Forschung jedes Jahr die besten CBD-Hanfsorten ausw\u00e4hlen, die sich durch einen besonders hohen CBD-Anteil und einen sehr niedrigen THC-Anteil (max. 0,2%) auszeichnen und die heute als CBD-Bl\u00fcten, High-CBD-Bl\u00fcten, CBD-Weed, High-CBD-Weed, CBD-Legal Weed, Low THC Hanf, Legal Hanf oder Legal Weed bekannt sind.<\/p>\n<p>Die Verarbeitung von Flower Power erfolgt unter Ber\u00fccksichtigung des nat\u00fcrlichen Lebenszyklus der Pflanze, in dessen Verlauf die Bl\u00fcte nach und nach wertvolle und seltene organoleptische Eigenschaften erlangt.<\/p>\n<h5>Indoor-Anbau<\/h5>\n<p>Diese Premium-CBD-Bl\u00fcte wird INDOOR angebaut und in Italien von Hand gepfl\u00fcckt und geschnitten.<\/p>\n<p>Flower Power wird auf nat\u00fcrliche Weise angebaut, ohne den Einsatz von D\u00fcngemitteln und chemischen Zus\u00e4tzen.<\/p>\n<p>Das Ergebnis unserer Hingabe an den Indoor-Anbau, das Pfl\u00fccken und Trimmen von Hand ist eine perfekt gepflegte und veredelte CBD-Bl\u00fcte von gro\u00dfer Qualit\u00e4t.<\/p>\n<h5>Ein echtes Must-Have<\/h5>\n<p>Der langsame Trocknungsprozess und die Lagerung bei kontrollierter Temperatur und Luftfeuchtigkeit bewahren zahlreiche nat\u00fcrliche Eigenschaften dieser INDOOR CBD-Hanfbl\u00fcte und ein reiches aromatisches Bouquet, das durch einen hohen Anteil an Terpenen und \u00e4therischen \u00d6len entsteht.<\/p>\n<p>Dank ihrer feinen Qualit\u00e4t und erstaunlichen Eigenschaften ist diese INDOOR CBD-Bl\u00fcte ein echtes Must-Have f\u00fcr passionierte Legal Weed-Liebhaber und Hanf-Experten.<\/p>\n<p>&nbsp;<\/p>\n<p><em>Legales Produkt gem\u00e4\u00df der EU-Verordnung Nr. 1307\/2013.<\/em><br \/>\n<em>Enth\u00e4lt weibliche Bl\u00fctenst\u00e4nde von Cannabis Sativa L., die in den gemeinsamen Sortenkatalogen f\u00fcr landwirtschaftliche Pflanzenarten (EU-Sortendatenbank) eingetragen sind. THC-Gehalt &lt;0,2%.<\/em><br \/>\n<em>100% nat\u00fcrlich gewachsen.<\/em><br \/>\n<em>Sammlerst\u00fccke, nur f\u00fcr den technischen Gebrauch.<\/em><br \/>\n<em>Nicht zum Verzehr bestimmt. Von Kindern fernhalten. Nicht geeignet f\u00fcr Minderj\u00e4hrige unter 18 Jahren und Schwangere. Nicht zum Verbrennen geeignet. Inhalt nicht von der Verpackung trennen. An einem k\u00fchlen, trockenen, m\u00f6glichst dunklen Ort lagern.<\/em><\/p>\n","protected":false},"excerpt":{"rendered":"<p>Flower Power ist eine TOP-Qualit\u00e4t INDOOR CBD Blume, getrimmt und von Hand gepfl\u00fcckt in Italien.<br \/>\nDiese ausgew\u00e4hlte italienische Sorte bietet einen der h\u00f6chsten CBD-Werte in unserer Kollektion: 26%. Der THC-Gehalt liegt immer noch unter 0,2%.<\/p>\n<p>Flower Power ist kraftvoll wie die Energie der Natur, einer Pflanze, einer Blume und so ist auch ihr \u00fcberw\u00e4ltigendes Aroma: reichhaltig und k\u00f6stlich intensiv.<\/p>\n<p>Das aromatische Bouquet dieser pistaziengr\u00fcnen Bl\u00fcte verbindet feine Zitrus- und Kr\u00e4uternoten von Zitrone, Salbei und Rosmarin mit dem holzigen Geschmack der Mandarinenbaumrinde.<\/p>\n<p>Flower Power &#8211; der Name ist inspiriert von der Kraft und dem unglaublichen Potenzial von Cannabis &#8211; ist die Exzellenz der jahrtausendealten Geschichte des Hanfs, die Sie in ein einzigartiges Erlebnis aus Aromen und Empfindungen f\u00fchrt, die in einer unvergleichlichen organoleptischen Komplexit\u00e4t eingeschlossen sind.<\/p>\n<p><strong>100% MADE IN ITALY:<\/strong> ausgew\u00e4hlt, ges\u00e4t, indoor angebaut, handgepfl\u00fcckt und handgeschnitten in Italien&#8230;.<\/p>\n","protected":false},"featured_media":18023,"template":"","meta":{"_acf_changed":false},"product_brand":[],"product_cat":[2493],"product_tag":[2494,2495,2497,2496,2498,2499],"class_list":{"0":"post-14394","1":"product","2":"type-product","3":"status-publish","4":"has-post-thumbnail","6":"product_cat-cbd-blueten-shop","7":"product_tag-cannabis-de","8":"product_tag-cannabis-cbd-de","9":"product_tag-cannabis-light-de","10":"product_tag-fiori-di-canapa-legale-de","11":"product_tag-legal-cannabis-de","12":"product_tag-legal-weed-de","13":"product_shipping_class-dhl-express-de","15":"first","16":"instock","17":"shipping-taxable","18":"purchasable","19":"product-type-variable","20":"has-default-attributes"},"acf":[],"yoast_head":"<!-- This site is optimized with the Yoast SEO plugin v27.3 - https:\/\/yoast.com\/product\/yoast-seo-wordpress\/ -->\n<title>Flower Power - CBD 26% - TOP quality INDOOR CBD flower - LadyMary<\/title>\n<meta name=\"description\" content=\"Flower Power is\u00a0a TOP quality INDOOR CBD flower with one of the highest CBD rates in\u00a0our collection: 26%. Picked and trimmed by hand in Italy\" \/>\n<meta name=\"robots\" content=\"index, follow, max-snippet:-1, max-image-preview:large, max-video-preview:-1\" \/>\n<link rel=\"canonical\" href=\"https:\/\/ladymary.com\/de\/produkt\/indoor-cbd-flower-power\/\" \/>\n<meta property=\"og:locale\" content=\"de_DE\" \/>\n<meta property=\"og:type\" content=\"article\" \/>\n<meta property=\"og:title\" content=\"Flower Power - CBD 26% - TOP quality INDOOR CBD flower - LadyMary\" \/>\n<meta property=\"og:description\" content=\"Flower Power is\u00a0a TOP quality INDOOR CBD flower with one of the highest CBD rates in\u00a0our collection: 26%. Picked and trimmed by hand in Italy\" \/>\n<meta property=\"og:url\" content=\"https:\/\/ladymary.com\/de\/produkt\/indoor-cbd-flower-power\/\" \/>\n<meta property=\"og:site_name\" content=\"LadyMary\" \/>\n<meta property=\"article:publisher\" content=\"https:\/\/www.facebook.com\/ladymaryj\/\" \/>\n<meta property=\"article:modified_time\" content=\"2025-10-10T14:10:29+00:00\" \/>\n<meta property=\"og:image\" content=\"https:\/\/ladymary.com\/wp-content\/uploads\/2018\/03\/indoor-cbd-flower-power-26-cbd.jpg\" \/>\n\t<meta property=\"og:image:width\" content=\"1620\" \/>\n\t<meta property=\"og:image:height\" content=\"1080\" \/>\n\t<meta property=\"og:image:type\" content=\"image\/jpeg\" \/>\n<meta name=\"twitter:card\" content=\"summary_large_image\" \/>\n<meta name=\"twitter:site\" content=\"@ladymarych\" \/>\n<meta name=\"twitter:label1\" content=\"Gesch\u00e4tzte Lesezeit\" \/>\n\t<meta name=\"twitter:data1\" content=\"2\u00a0Minuten\" \/>\n<!-- \/ Yoast SEO plugin. -->","yoast_head_json":{"title":"Flower Power - CBD 26% - TOP quality INDOOR CBD flower - LadyMary","description":"Flower Power is\u00a0a TOP quality INDOOR CBD flower with one of the highest CBD rates in\u00a0our collection: 26%. Picked and trimmed by hand in Italy","robots":{"index":"index","follow":"follow","max-snippet":"max-snippet:-1","max-image-preview":"max-image-preview:large","max-video-preview":"max-video-preview:-1"},"canonical":"https:\/\/ladymary.com\/de\/produkt\/indoor-cbd-flower-power\/","og_locale":"de_DE","og_type":"article","og_title":"Flower Power - CBD 26% - TOP quality INDOOR CBD flower - LadyMary","og_description":"Flower Power is\u00a0a TOP quality INDOOR CBD flower with one of the highest CBD rates in\u00a0our collection: 26%. Picked and trimmed by hand in Italy","og_url":"https:\/\/ladymary.com\/de\/produkt\/indoor-cbd-flower-power\/","og_site_name":"LadyMary","article_publisher":"https:\/\/www.facebook.com\/ladymaryj\/","article_modified_time":"2025-10-10T14:10:29+00:00","og_image":[{"width":1620,"height":1080,"url":"https:\/\/ladymary.com\/wp-content\/uploads\/2018\/03\/indoor-cbd-flower-power-26-cbd.jpg","type":"image\/jpeg"}],"twitter_card":"summary_large_image","twitter_site":"@ladymarych","twitter_misc":{"Gesch\u00e4tzte Lesezeit":"2\u00a0Minuten"},"schema":{"@context":"https:\/\/schema.org","@graph":[{"@type":"WebPage","@id":"https:\/\/ladymary.com\/de\/produkt\/indoor-cbd-flower-power\/","url":"https:\/\/ladymary.com\/de\/produkt\/indoor-cbd-flower-power\/","name":"Flower Power - CBD 26% - TOP quality INDOOR CBD flower - LadyMary","isPartOf":{"@id":"https:\/\/ladymary.com\/de\/#website"},"primaryImageOfPage":{"@id":"https:\/\/ladymary.com\/de\/produkt\/indoor-cbd-flower-power\/#primaryimage"},"image":{"@id":"https:\/\/ladymary.com\/de\/produkt\/indoor-cbd-flower-power\/#primaryimage"},"thumbnailUrl":"https:\/\/ladymary.com\/wp-content\/uploads\/2018\/03\/Flower-Power.jpg","datePublished":"2018-03-21T15:45:17+00:00","dateModified":"2025-10-10T14:10:29+00:00","description":"Flower Power is\u00a0a TOP quality INDOOR CBD flower with one of the highest CBD rates in\u00a0our collection: 26%. Picked and trimmed by hand in Italy","breadcrumb":{"@id":"https:\/\/ladymary.com\/de\/produkt\/indoor-cbd-flower-power\/#breadcrumb"},"inLanguage":"de","potentialAction":[{"@type":"ReadAction","target":["https:\/\/ladymary.com\/de\/produkt\/indoor-cbd-flower-power\/"]}]},{"@type":"ImageObject","inLanguage":"de","@id":"https:\/\/ladymary.com\/de\/produkt\/indoor-cbd-flower-power\/#primaryimage","url":"https:\/\/ladymary.com\/wp-content\/uploads\/2018\/03\/Flower-Power.jpg","contentUrl":"https:\/\/ladymary.com\/wp-content\/uploads\/2018\/03\/Flower-Power.jpg","width":1620,"height":1080,"caption":"indoor cbd flower power 26 cbd"},{"@type":"BreadcrumbList","@id":"https:\/\/ladymary.com\/de\/produkt\/indoor-cbd-flower-power\/#breadcrumb","itemListElement":[{"@type":"ListItem","position":1,"name":"Home","item":"https:\/\/ladymary.com\/de\/home\/"},{"@type":"ListItem","position":2,"name":"Shop","item":"https:\/\/ladymary.com\/negozio\/"},{"@type":"ListItem","position":3,"name":"Flower Power &#8211; INDOOR &#8211; CBD 26%"}]},{"@type":"WebSite","@id":"https:\/\/ladymary.com\/de\/#website","url":"https:\/\/ladymary.com\/de\/","name":"LadyMary","description":"Cannabis Flower Boutique","publisher":{"@id":"https:\/\/ladymary.com\/de\/#organization"},"potentialAction":[{"@type":"SearchAction","target":{"@type":"EntryPoint","urlTemplate":"https:\/\/ladymary.com\/de\/?s={search_term_string}"},"query-input":{"@type":"PropertyValueSpecification","valueRequired":true,"valueName":"search_term_string"}}],"inLanguage":"de"},{"@type":"Organization","@id":"https:\/\/ladymary.com\/de\/#organization","name":"Ladymary","url":"https:\/\/ladymary.com\/de\/","logo":{"@type":"ImageObject","inLanguage":"de","@id":"https:\/\/ladymary.com\/de\/#\/schema\/logo\/image\/","url":"https:\/\/ladymary.com\/wp-content\/uploads\/2018\/04\/logo_small.png","contentUrl":"https:\/\/ladymary.com\/wp-content\/uploads\/2018\/04\/logo_small.png","width":400,"height":83,"caption":"Ladymary"},"image":{"@id":"https:\/\/ladymary.com\/de\/#\/schema\/logo\/image\/"},"sameAs":["https:\/\/www.facebook.com\/ladymaryj\/","https:\/\/x.com\/ladymarych","https:\/\/www.instagram.com\/ladymary_official\/"]}]}},"_links":{"self":[{"href":"https:\/\/ladymary.com\/de\/wp-json\/wp\/v2\/product\/14394","targetHints":{"allow":["GET"]}}],"collection":[{"href":"https:\/\/ladymary.com\/de\/wp-json\/wp\/v2\/product"}],"about":[{"href":"https:\/\/ladymary.com\/de\/wp-json\/wp\/v2\/types\/product"}],"wp:featuredmedia":[{"embeddable":true,"href":"https:\/\/ladymary.com\/de\/wp-json\/wp\/v2\/media\/18023"}],"wp:attachment":[{"href":"https:\/\/ladymary.com\/de\/wp-json\/wp\/v2\/media?parent=14394"}],"wp:term":[{"taxonomy":"product_brand","embeddable":true,"href":"https:\/\/ladymary.com\/de\/wp-json\/wp\/v2\/product_brand?post=14394"},{"taxonomy":"product_cat","embeddable":true,"href":"https:\/\/ladymary.com\/de\/wp-json\/wp\/v2\/product_cat?post=14394"},{"taxonomy":"product_tag","embeddable":true,"href":"https:\/\/ladymary.com\/de\/wp-json\/wp\/v2\/product_tag?post=14394"}],"curies":[{"name":"wp","href":"https:\/\/api.w.org\/{rel}","templated":true}]}}