{"id":16402,"date":"2021-09-30T13:07:49","date_gmt":"2021-09-30T11:07:49","guid":{"rendered":"https:\/\/ladymary.com\/?page_id=16402"},"modified":"2021-09-30T13:26:47","modified_gmt":"2021-09-30T11:26:47","slug":"datenschutz","status":"publish","type":"page","link":"https:\/\/ladymary.com\/de\/datenschutz\/","title":{"rendered":"Datenschutz"},"content":{"rendered":"<p>Die auf der Website angebotenen <a href=\"https:\/\/ladymary.com\/de\/produkt-kategorie\/cbd-blueten-shop\/\" target=\"_blank\" rel=\"noopener\">Produkte<\/a> werden verkauft von:<\/p>\n<p>Flower Innovation GmbH<\/p>\n<p>Esterhazygasse 34, 1060 Wien, \u00d6sterreich<\/p>\n<p>&#8211;<\/p>\n<h3>Datenschutz<\/h3>\n<p>1) Um die Produkte auf der Website zu kaufen zu k\u00f6nnen, ist es notwendig, die pers\u00f6nlichen Daten in dem <a href=\"https:\/\/ladymary.com\/de\/my-account\/\" target=\"_blank\" rel=\"noopener\">daf\u00fcr vorgesehenen Formular<\/a> anzugeben.<\/p>\n<p>2) Die bei der Registrierung angegebenen Daten werden von Flower Innovation GmbH zu den nachfolgend beschriebenen Zwecken und auf die nachfolgend beschriebene Art und Weise und in voller \u00dcbereinstimmung mit dem Gesetzesdekret 196\/2003 (Kodex f\u00fcr die Verarbeitung personenbezogener Daten) und seinen sp\u00e4teren \u00c4nderungen verarbeitet.<\/p>\n<p>Die \u00fcbermittelten personenbezogenen Daten werden zu folgenden Zwecken verarbeitet:<\/p>\n<p>a) Erf\u00fcllungen im Zusammenhang mit der Festlegung und Ausf\u00fchrung des Vertrags;<\/p>\n<p>b) zu statistischen Zwecken und zur Zusendung von Werbematerial, auch mit Hilfe der elektronischen Post.<\/p>\n<p>3) Die Verarbeitung der Daten zu den oben genannten Zwecken erfolgt sowohl mit automatisierten als auch mit nicht automatisierten Mitteln f\u00fcr die Dauer, die erforderlich ist, um die Zwecke zu erreichen, f\u00fcr die sie erhoben wurden. Es werden besondere Sicherheitsma\u00dfnahmen ergriffen, um den Verlust von Daten, die unrechtm\u00e4\u00dfige oder falsche Verwendung und den unbefugten Zugriff zu verhindern.<\/p>\n<p>4) Die Angabe von personenbezogenen Daten durch den Nutzer ist freiwillig. Die Verweigerung der \u00dcbermittlung von Daten zu den unter Punkt 2 Buchstabe a) genannten Zwecken f\u00fchrt dazu, dass der Kauf von Produkten auf der Website nicht m\u00f6glich ist.<\/p>\n<p>5) Die Weigerung, Daten f\u00fcr die unter Buchstabe b) genannten Zwecke zur Verf\u00fcgung zu stellen, hat hingegen keinerlei Auswirkungen auf die M\u00f6glichkeit, Produkte auf der Website zu erwerben.<\/p>\n<p>6) Inhaber der Behandlung ist Flower Innovation GmbH.<\/p>\n<p>7) Die pers\u00f6nlichen Daten, die Flower Innovation GmbH zur Verf\u00fcgung gestellt werden, sind nur den Personen bekannt, die ausdr\u00fccklich vom Inhaber der Behandlung ernannt werden und die innerhalb der Unternehmensstruktur f\u00fcr die Durchf\u00fchrung von Aktivit\u00e4ten zust\u00e4ndig sind, die f\u00fcr die ordnungsgem\u00e4\u00dfe Verwaltung der Beziehung mit dem Benutzer im Rahmen der angegebenen Zwecke erforderlich sind.<\/p>\n<p>8) Die Personen, auf die sich die personenbezogenen Daten beziehen, k\u00f6nnen jederzeit ihre Rechte gem\u00e4\u00df Art. 7 der Gesetzesverordnung 196\/2003 aus\u00fcben, insbesondere das Recht, eine Best\u00e4tigung \u00fcber das Vorhandensein oder Nichtvorhandensein der Daten zu erhalten, die Berichtigung, Erg\u00e4nzung und L\u00f6schung der Daten zu verlangen, indem sie einen schriftlichen Antrag an Flower Innovation GmbH richten.<\/p>\n<h3>Informationen und <a href=\"https:\/\/ladymary.com\/de\/agb\/\" target=\"_blank\" rel=\"noopener\">Beschwerden<\/a><\/h3>\n<p>F\u00fcr Informationen oder Klarstellungen zu den Verkaufsbedingungen und Produkten kann der Kunde uns unter folgender E-Mail-Adresse kontaktieren: info@ladymary.com<\/p>\n<h3>Anwendbares Recht und Streitbeilegung<\/h3>\n<p>Auf den Vertrag zwischen Flower Innovation GmbH und dem Kunden ist \u00f6sterreichisches Recht anwendbar.<\/p>\n<p>Bei Unstimmigkeiten oder Streitigkeiten zwischen Flower Innovation GmbH und dem Kunden ist das Gericht am Wohnsitz des Inhabers dieser Website zust\u00e4ndig.<\/p>\n<p>F\u00fcr Kunden mit Wohnsitz in Staaten der Europ\u00e4ischen Union gelten die Artikel 15-17 Reg. 44\/01 EU.<\/p>\n","protected":false},"excerpt":{"rendered":"<p>Die auf der Website angebotenen Produkte werden verkauft von: Flower Innovation GmbH Esterhazygasse 34, 1060 Wien, \u00d6sterreich &#8211; Datenschutz 1) Um die Produkte auf der Website zu kaufen zu k\u00f6nnen, ist es notwendig, die pers\u00f6nlichen Daten in dem daf\u00fcr vorgesehenen Formular anzugeben. 2) Die bei der Registrierung angegebenen Daten werden von Flower Innovation GmbH zu&#8230;<\/p>\n","protected":false},"author":2,"featured_media":0,"parent":0,"menu_order":0,"comment_status":"closed","ping_status":"closed","template":"","meta":{"_acf_changed":false,"footnotes":""},"class_list":["post-16402","page","type-page","status-publish","hentry"],"acf":[],"yoast_head":"<!-- This site is optimized with the Yoast SEO plugin v27.4 - https:\/\/yoast.com\/product\/yoast-seo-wordpress\/ -->\n<title>Datenschutz - LadyMary<\/title>\n<meta name=\"robots\" content=\"index, follow, max-snippet:-1, max-image-preview:large, max-video-preview:-1\" \/>\n<link rel=\"canonical\" href=\"https:\/\/ladymary.com\/de\/datenschutz\/\" \/>\n<meta property=\"og:locale\" content=\"de_DE\" \/>\n<meta property=\"og:type\" content=\"article\" \/>\n<meta property=\"og:title\" content=\"Datenschutz - LadyMary\" \/>\n<meta property=\"og:description\" content=\"Die auf der Website angebotenen Produkte werden verkauft von: Flower Innovation GmbH Esterhazygasse 34, 1060 Wien, \u00d6sterreich &#8211; Datenschutz 1) Um die Produkte auf der Website zu kaufen zu k\u00f6nnen, ist es notwendig, die pers\u00f6nlichen Daten in dem daf\u00fcr vorgesehenen Formular anzugeben. 2) Die bei der Registrierung angegebenen Daten werden von Flower Innovation GmbH zu...\" \/>\n<meta property=\"og:url\" content=\"https:\/\/ladymary.com\/de\/datenschutz\/\" \/>\n<meta property=\"og:site_name\" content=\"LadyMary\" \/>\n<meta property=\"article:publisher\" content=\"https:\/\/www.facebook.com\/ladymaryj\/\" \/>\n<meta property=\"article:modified_time\" content=\"2021-09-30T11:26:47+00:00\" \/>\n<meta name=\"twitter:card\" content=\"summary_large_image\" \/>\n<meta name=\"twitter:site\" content=\"@ladymarych\" \/>\n<meta name=\"twitter:label1\" content=\"Gesch\u00e4tzte Lesezeit\" \/>\n\t<meta name=\"twitter:data1\" content=\"2\u00a0Minuten\" \/>\n<!-- \/ Yoast SEO plugin. -->","yoast_head_json":{"title":"Datenschutz - LadyMary","robots":{"index":"index","follow":"follow","max-snippet":"max-snippet:-1","max-image-preview":"max-image-preview:large","max-video-preview":"max-video-preview:-1"},"canonical":"https:\/\/ladymary.com\/de\/datenschutz\/","og_locale":"de_DE","og_type":"article","og_title":"Datenschutz - LadyMary","og_description":"Die auf der Website angebotenen Produkte werden verkauft von: Flower Innovation GmbH Esterhazygasse 34, 1060 Wien, \u00d6sterreich &#8211; Datenschutz 1) Um die Produkte auf der Website zu kaufen zu k\u00f6nnen, ist es notwendig, die pers\u00f6nlichen Daten in dem daf\u00fcr vorgesehenen Formular anzugeben. 2) Die bei der Registrierung angegebenen Daten werden von Flower Innovation GmbH zu...","og_url":"https:\/\/ladymary.com\/de\/datenschutz\/","og_site_name":"LadyMary","article_publisher":"https:\/\/www.facebook.com\/ladymaryj\/","article_modified_time":"2021-09-30T11:26:47+00:00","twitter_card":"summary_large_image","twitter_site":"@ladymarych","twitter_misc":{"Gesch\u00e4tzte Lesezeit":"2\u00a0Minuten"},"schema":{"@context":"https:\/\/schema.org","@graph":[{"@type":"WebPage","@id":"https:\/\/ladymary.com\/de\/datenschutz\/","url":"https:\/\/ladymary.com\/de\/datenschutz\/","name":"Datenschutz - LadyMary","isPartOf":{"@id":"https:\/\/ladymary.com\/de\/#website"},"datePublished":"2021-09-30T11:07:49+00:00","dateModified":"2021-09-30T11:26:47+00:00","breadcrumb":{"@id":"https:\/\/ladymary.com\/de\/datenschutz\/#breadcrumb"},"inLanguage":"de","potentialAction":[{"@type":"ReadAction","target":["https:\/\/ladymary.com\/de\/datenschutz\/"]}]},{"@type":"BreadcrumbList","@id":"https:\/\/ladymary.com\/de\/datenschutz\/#breadcrumb","itemListElement":[{"@type":"ListItem","position":1,"name":"Home","item":"https:\/\/ladymary.com\/de\/home\/"},{"@type":"ListItem","position":2,"name":"Datenschutz"}]},{"@type":"WebSite","@id":"https:\/\/ladymary.com\/de\/#website","url":"https:\/\/ladymary.com\/de\/","name":"LadyMary","description":"Cannabis Flower Boutique","publisher":{"@id":"https:\/\/ladymary.com\/de\/#organization"},"potentialAction":[{"@type":"SearchAction","target":{"@type":"EntryPoint","urlTemplate":"https:\/\/ladymary.com\/de\/?s={search_term_string}"},"query-input":{"@type":"PropertyValueSpecification","valueRequired":true,"valueName":"search_term_string"}}],"inLanguage":"de"},{"@type":"Organization","@id":"https:\/\/ladymary.com\/de\/#organization","name":"Ladymary","url":"https:\/\/ladymary.com\/de\/","logo":{"@type":"ImageObject","inLanguage":"de","@id":"https:\/\/ladymary.com\/de\/#\/schema\/logo\/image\/","url":"https:\/\/ladymary.com\/wp-content\/uploads\/2018\/04\/logo_small.png","contentUrl":"https:\/\/ladymary.com\/wp-content\/uploads\/2018\/04\/logo_small.png","width":400,"height":83,"caption":"Ladymary"},"image":{"@id":"https:\/\/ladymary.com\/de\/#\/schema\/logo\/image\/"},"sameAs":["https:\/\/www.facebook.com\/ladymaryj\/","https:\/\/x.com\/ladymarych","https:\/\/www.instagram.com\/ladymary_official\/"]}]}},"_links":{"self":[{"href":"https:\/\/ladymary.com\/de\/wp-json\/wp\/v2\/pages\/16402","targetHints":{"allow":["GET"]}}],"collection":[{"href":"https:\/\/ladymary.com\/de\/wp-json\/wp\/v2\/pages"}],"about":[{"href":"https:\/\/ladymary.com\/de\/wp-json\/wp\/v2\/types\/page"}],"author":[{"embeddable":true,"href":"https:\/\/ladymary.com\/de\/wp-json\/wp\/v2\/users\/2"}],"replies":[{"embeddable":true,"href":"https:\/\/ladymary.com\/de\/wp-json\/wp\/v2\/comments?post=16402"}],"version-history":[{"count":0,"href":"https:\/\/ladymary.com\/de\/wp-json\/wp\/v2\/pages\/16402\/revisions"}],"wp:attachment":[{"href":"https:\/\/ladymary.com\/de\/wp-json\/wp\/v2\/media?parent=16402"}],"curies":[{"name":"wp","href":"https:\/\/api.w.org\/{rel}","templated":true}]}}