{"id":15223,"date":"2021-05-04T10:58:22","date_gmt":"2021-05-04T08:58:22","guid":{"rendered":"https:\/\/ladymary.com\/?page_id=15223"},"modified":"2025-08-22T17:24:12","modified_gmt":"2025-08-22T15:24:12","slug":"kontakt","status":"publish","type":"page","link":"https:\/\/ladymary.com\/de\/kontakt\/","title":{"rendered":"Kontakt"},"content":{"rendered":"<p>Wenn Sie die gesuchte Antwort nicht gefunden haben, f\u00fcllen Sie das Formular aus und geben Sie Ihre Frage ein, oder senden Sie uns eine E-Mail. Wir werden auf jede Anfrage so schnell wie m\u00f6glich antworten. Wenn Sie lieber mit unserem Kundenservice sprechen m\u00f6chten, kontaktieren Sie uns bitte \u00fcber WhatsApp.<\/p>\n<p>&nbsp;<\/p>\n","protected":false},"excerpt":{"rendered":"<p>Wenn Sie die gesuchte Antwort nicht gefunden haben, f\u00fcllen Sie das Formular aus und geben Sie Ihre Frage ein, oder senden Sie uns eine E-Mail. Wir werden auf jede Anfrage so schnell wie m\u00f6glich antworten. Wenn Sie lieber mit unserem Kundenservice sprechen m\u00f6chten, kontaktieren Sie uns bitte \u00fcber WhatsApp. &nbsp;&#8230;<\/p>\n","protected":false},"author":2,"featured_media":0,"parent":0,"menu_order":0,"comment_status":"closed","ping_status":"closed","template":"page-templates\/page-contacts.php","meta":{"_acf_changed":false,"footnotes":""},"class_list":["post-15223","page","type-page","status-publish","hentry"],"acf":[],"yoast_head":"<!-- This site is optimized with the Yoast SEO plugin v27.3 - https:\/\/yoast.com\/product\/yoast-seo-wordpress\/ -->\n<title>Kontakt - LadyMary<\/title>\n<meta name=\"robots\" content=\"index, follow, max-snippet:-1, max-image-preview:large, max-video-preview:-1\" \/>\n<link rel=\"canonical\" href=\"https:\/\/ladymary.com\/de\/kontakt\/\" \/>\n<meta property=\"og:locale\" content=\"de_DE\" \/>\n<meta property=\"og:type\" content=\"article\" \/>\n<meta property=\"og:title\" content=\"Kontakt - LadyMary\" \/>\n<meta property=\"og:description\" content=\"Wenn Sie die gesuchte Antwort nicht gefunden haben, f\u00fcllen Sie das Formular aus und geben Sie Ihre Frage ein, oder senden Sie uns eine E-Mail. Wir werden auf jede Anfrage so schnell wie m\u00f6glich antworten. Wenn Sie lieber mit unserem Kundenservice sprechen m\u00f6chten, kontaktieren Sie uns bitte \u00fcber WhatsApp. &nbsp;...\" \/>\n<meta property=\"og:url\" content=\"https:\/\/ladymary.com\/de\/kontakt\/\" \/>\n<meta property=\"og:site_name\" content=\"LadyMary\" \/>\n<meta property=\"article:publisher\" content=\"https:\/\/www.facebook.com\/ladymaryj\/\" \/>\n<meta property=\"article:modified_time\" content=\"2025-08-22T15:24:12+00:00\" \/>\n<meta name=\"twitter:card\" content=\"summary_large_image\" \/>\n<meta name=\"twitter:site\" content=\"@ladymarych\" \/>\n<meta name=\"twitter:label1\" content=\"Gesch\u00e4tzte Lesezeit\" \/>\n\t<meta name=\"twitter:data1\" content=\"1\u00a0Minute\" \/>\n<!-- \/ Yoast SEO plugin. -->","yoast_head_json":{"title":"Kontakt - LadyMary","robots":{"index":"index","follow":"follow","max-snippet":"max-snippet:-1","max-image-preview":"max-image-preview:large","max-video-preview":"max-video-preview:-1"},"canonical":"https:\/\/ladymary.com\/de\/kontakt\/","og_locale":"de_DE","og_type":"article","og_title":"Kontakt - LadyMary","og_description":"Wenn Sie die gesuchte Antwort nicht gefunden haben, f\u00fcllen Sie das Formular aus und geben Sie Ihre Frage ein, oder senden Sie uns eine E-Mail. Wir werden auf jede Anfrage so schnell wie m\u00f6glich antworten. Wenn Sie lieber mit unserem Kundenservice sprechen m\u00f6chten, kontaktieren Sie uns bitte \u00fcber WhatsApp. &nbsp;...","og_url":"https:\/\/ladymary.com\/de\/kontakt\/","og_site_name":"LadyMary","article_publisher":"https:\/\/www.facebook.com\/ladymaryj\/","article_modified_time":"2025-08-22T15:24:12+00:00","twitter_card":"summary_large_image","twitter_site":"@ladymarych","twitter_misc":{"Gesch\u00e4tzte Lesezeit":"1\u00a0Minute"},"schema":{"@context":"https:\/\/schema.org","@graph":[{"@type":"WebPage","@id":"https:\/\/ladymary.com\/de\/kontakt\/","url":"https:\/\/ladymary.com\/de\/kontakt\/","name":"Kontakt - LadyMary","isPartOf":{"@id":"https:\/\/ladymary.com\/de\/#website"},"datePublished":"2021-05-04T08:58:22+00:00","dateModified":"2025-08-22T15:24:12+00:00","breadcrumb":{"@id":"https:\/\/ladymary.com\/de\/kontakt\/#breadcrumb"},"inLanguage":"de","potentialAction":[{"@type":"ReadAction","target":["https:\/\/ladymary.com\/de\/kontakt\/"]}]},{"@type":"BreadcrumbList","@id":"https:\/\/ladymary.com\/de\/kontakt\/#breadcrumb","itemListElement":[{"@type":"ListItem","position":1,"name":"Home","item":"https:\/\/ladymary.com\/de\/home\/"},{"@type":"ListItem","position":2,"name":"Kontakt"}]},{"@type":"WebSite","@id":"https:\/\/ladymary.com\/de\/#website","url":"https:\/\/ladymary.com\/de\/","name":"LadyMary","description":"Cannabis Flower Boutique","publisher":{"@id":"https:\/\/ladymary.com\/de\/#organization"},"potentialAction":[{"@type":"SearchAction","target":{"@type":"EntryPoint","urlTemplate":"https:\/\/ladymary.com\/de\/?s={search_term_string}"},"query-input":{"@type":"PropertyValueSpecification","valueRequired":true,"valueName":"search_term_string"}}],"inLanguage":"de"},{"@type":"Organization","@id":"https:\/\/ladymary.com\/de\/#organization","name":"Ladymary","url":"https:\/\/ladymary.com\/de\/","logo":{"@type":"ImageObject","inLanguage":"de","@id":"https:\/\/ladymary.com\/de\/#\/schema\/logo\/image\/","url":"https:\/\/ladymary.com\/wp-content\/uploads\/2018\/04\/logo_small.png","contentUrl":"https:\/\/ladymary.com\/wp-content\/uploads\/2018\/04\/logo_small.png","width":400,"height":83,"caption":"Ladymary"},"image":{"@id":"https:\/\/ladymary.com\/de\/#\/schema\/logo\/image\/"},"sameAs":["https:\/\/www.facebook.com\/ladymaryj\/","https:\/\/x.com\/ladymarych","https:\/\/www.instagram.com\/ladymary_official\/"]}]}},"_links":{"self":[{"href":"https:\/\/ladymary.com\/de\/wp-json\/wp\/v2\/pages\/15223","targetHints":{"allow":["GET"]}}],"collection":[{"href":"https:\/\/ladymary.com\/de\/wp-json\/wp\/v2\/pages"}],"about":[{"href":"https:\/\/ladymary.com\/de\/wp-json\/wp\/v2\/types\/page"}],"author":[{"embeddable":true,"href":"https:\/\/ladymary.com\/de\/wp-json\/wp\/v2\/users\/2"}],"replies":[{"embeddable":true,"href":"https:\/\/ladymary.com\/de\/wp-json\/wp\/v2\/comments?post=15223"}],"version-history":[{"count":4,"href":"https:\/\/ladymary.com\/de\/wp-json\/wp\/v2\/pages\/15223\/revisions"}],"predecessor-version":[{"id":20486,"href":"https:\/\/ladymary.com\/de\/wp-json\/wp\/v2\/pages\/15223\/revisions\/20486"}],"wp:attachment":[{"href":"https:\/\/ladymary.com\/de\/wp-json\/wp\/v2\/media?parent=15223"}],"curies":[{"name":"wp","href":"https:\/\/api.w.org\/{rel}","templated":true}]}}