{"id":14406,"date":"2018-05-14T17:39:46","date_gmt":"2018-05-14T17:39:46","guid":{"rendered":"https:\/\/ladymary.com\/home\/"},"modified":"2021-04-16T13:37:20","modified_gmt":"2021-04-16T11:37:20","slug":"home","status":"publish","type":"page","link":"https:\/\/ladymary.com\/de\/","title":{"rendered":"Home"},"content":{"rendered":"<h5>CBD Bl\u00fcten\u00a0online bestellen (Online Shop, Anbauer und Grossh\u00e4ndler)<\/h5>\n<p>Ladymary ist einer der gr\u00f6\u00dften europ\u00e4ischen <a href=\"https:\/\/de.wikipedia.org\/wiki\/Cannabidiol\" target=\"_blank\" rel=\"noopener\">CBD<\/a> Bl\u00fcten Anbauer, CBD Bl\u00fcten Gro\u00dfh\u00e4ndler, sowie CBD Bl\u00fcten Online Shop,\u00a0wo Sie CBD Bl\u00fcten online bestellen k\u00f6nnen, mit der Lieferung in 24-48 Stunden nach Deutschland und ganz Europa.\u00a0Wir bieten <a href=\"https:\/\/ladymary.com\/de\/produkt-kategorie\/cbd-blueten-shop\/\" target=\"_blank\" rel=\"noopener\">hochwertige CBD Bl\u00fcten<\/a> an, das zu 100% legal f\u00fcr Europa ist. Unsere CBD-Produkte werden sorgf\u00e4ltig ausgew\u00e4hlt und von europ\u00e4ischen Labors zertifiziert, um unseren Kunden die besten Qualit\u00e4tsprodukte zu garantieren, die mit den derzeit geltenden Gesetzen \u00fcbereinstimmen.<\/p>\n<h5>WIR GARANTIEREN DIE LIEFERUNG DER BESTEN BL\u00dcTEN VON CANNABIS SATIVA L<\/h5>\n<p>Die erh\u00e4ltlichen Produkte sind das Ergebnis sorgf\u00e4ltiger Arbeit beim Anbau und der Auswahl der besten Bl\u00fcten durch unsere Landwirte und Lieferanten.<br \/>\nDa es sich um ein pestizidfreies Produkt handelt, erinnern wir unsere Kunden daran, dass jede Charge leicht unterschiedliche Merkmale im Aussehen aufweisen kann, aber wir garantieren immer die Qualit\u00e4t und Pr\u00e4zision unserer Dienstleistungen.<br \/>\nUnsere Cannabisbl\u00fcten sind als eine begrenzte Anzahl zu betrachten, da wir nur das Beste aus der Produktion und den Lieferungen ausw\u00e4hlen.<\/p>\n<h5>LIEFERUNG IN 24\/48H IN GANZ EUROPA<\/h5>\n<p>Die Lieferung unserer Produkte erfolgt pr\u00e4zise und schnell, wobei wir die totale Vertraulichkeit der Bestellungen garantieren und somit maximale Sicherheit f\u00fcr die Gesetzgebung gew\u00e4hrleisten.<\/p>\n<p>In unserem CBD Bl\u00fcten Online Shop k\u00f6nnen Sie beste Sorten von CBD Bl\u00fcten online bestellen und diese in 24\/48 Stunden in den meisten europ\u00e4ischen Ortschaften und in 1-3 Arbeitstagen in die entfernten Ortschaften geliefert bekommen.<br \/>\nJeder Bl\u00fctenstand von legalem Hanf hat ein spezielles Analysezertifikat, wo die gesetzlichen Parameter von THC und CBD angegeben sind.<\/p>\n","protected":false},"excerpt":{"rendered":"<p>CBD Bl\u00fcten\u00a0online bestellen (Online Shop, Anbauer und Grossh\u00e4ndler) Ladymary ist einer der gr\u00f6\u00dften europ\u00e4ischen CBD Bl\u00fcten Anbauer, CBD Bl\u00fcten Gro\u00dfh\u00e4ndler, sowie CBD Bl\u00fcten Online Shop,\u00a0wo Sie CBD Bl\u00fcten online bestellen k\u00f6nnen, mit der Lieferung in 24-48 Stunden nach Deutschland und ganz Europa.\u00a0Wir bieten hochwertige CBD Bl\u00fcten an, das zu 100% legal f\u00fcr Europa ist. Unsere&#8230;<\/p>\n","protected":false},"author":2,"featured_media":0,"parent":0,"menu_order":0,"comment_status":"closed","ping_status":"closed","template":"page-templates\/homepage.php","meta":{"_acf_changed":false,"footnotes":""},"class_list":["post-14406","page","type-page","status-publish","hentry"],"acf":[],"yoast_head":"<!-- This site is optimized with the Yoast SEO plugin v27.4 - https:\/\/yoast.com\/product\/yoast-seo-wordpress\/ -->\n<title>CBD BL\u00dcTEN ONLINE BESTELLEN - 24\/48-STUNDEN-LIEFERUNG<\/title>\n<meta name=\"description\" content=\"Ladymary ist ein CBD Bl\u00fcten Anbauer, Gro\u00dfh\u00e4ndler und Shop, wo Sie CBD Bl\u00fcten online bestellen k\u00f6nnen. Premium CBD Hanf, 100% legal f\u00fcr Europa\" \/>\n<meta name=\"robots\" content=\"index, follow, max-snippet:-1, max-image-preview:large, max-video-preview:-1\" \/>\n<link rel=\"canonical\" href=\"https:\/\/ladymary.com\/de\/\" \/>\n<meta property=\"og:locale\" content=\"de_DE\" \/>\n<meta property=\"og:type\" content=\"article\" \/>\n<meta property=\"og:title\" content=\"PREMIUM CBD BL\u00dcTEN - 24\/48-STUNDEN-LIEFERUNG\" \/>\n<meta property=\"og:description\" content=\"Ladymary ist ein CBD Bl\u00fcten Anbauer, Gro\u00dfh\u00e4ndler und Online-Boutique, wo Sie PREMIUM CBD Bl\u00fcten online bestellen k\u00f6nnen. 100% legal f\u00fcr Europa.\" \/>\n<meta property=\"og:url\" content=\"https:\/\/ladymary.com\/de\/\" \/>\n<meta property=\"og:site_name\" content=\"LadyMary\" \/>\n<meta property=\"article:publisher\" content=\"https:\/\/www.facebook.com\/ladymaryj\/\" \/>\n<meta property=\"article:modified_time\" content=\"2021-04-16T11:37:20+00:00\" \/>\n<meta property=\"og:image\" content=\"https:\/\/ladymary.com\/wp-content\/uploads\/2020\/09\/ladymary-boutique.jpg\" \/>\n\t<meta property=\"og:image:width\" content=\"1620\" \/>\n\t<meta property=\"og:image:height\" content=\"1620\" \/>\n\t<meta property=\"og:image:type\" content=\"image\/jpeg\" \/>\n<meta name=\"twitter:card\" content=\"summary_large_image\" \/>\n<meta name=\"twitter:site\" content=\"@ladymarych\" \/>\n<meta name=\"twitter:label1\" content=\"Gesch\u00e4tzte Lesezeit\" \/>\n\t<meta name=\"twitter:data1\" content=\"2\u00a0Minuten\" \/>\n<!-- \/ Yoast SEO plugin. -->","yoast_head_json":{"title":"CBD BL\u00dcTEN ONLINE BESTELLEN - 24\/48-STUNDEN-LIEFERUNG","description":"Ladymary ist ein CBD Bl\u00fcten Anbauer, Gro\u00dfh\u00e4ndler und Shop, wo Sie CBD Bl\u00fcten online bestellen k\u00f6nnen. Premium CBD Hanf, 100% legal f\u00fcr Europa","robots":{"index":"index","follow":"follow","max-snippet":"max-snippet:-1","max-image-preview":"max-image-preview:large","max-video-preview":"max-video-preview:-1"},"canonical":"https:\/\/ladymary.com\/de\/","og_locale":"de_DE","og_type":"article","og_title":"PREMIUM CBD BL\u00dcTEN - 24\/48-STUNDEN-LIEFERUNG","og_description":"Ladymary ist ein CBD Bl\u00fcten Anbauer, Gro\u00dfh\u00e4ndler und Online-Boutique, wo Sie PREMIUM CBD Bl\u00fcten online bestellen k\u00f6nnen. 100% legal f\u00fcr Europa.","og_url":"https:\/\/ladymary.com\/de\/","og_site_name":"LadyMary","article_publisher":"https:\/\/www.facebook.com\/ladymaryj\/","article_modified_time":"2021-04-16T11:37:20+00:00","og_image":[{"width":1620,"height":1620,"url":"https:\/\/ladymary.com\/wp-content\/uploads\/2020\/09\/ladymary-boutique.jpg","type":"image\/jpeg"}],"twitter_card":"summary_large_image","twitter_site":"@ladymarych","twitter_misc":{"Gesch\u00e4tzte Lesezeit":"2\u00a0Minuten"},"schema":{"@context":"https:\/\/schema.org","@graph":[{"@type":"WebPage","@id":"https:\/\/ladymary.com\/de\/","url":"https:\/\/ladymary.com\/de\/","name":"CBD BL\u00dcTEN ONLINE BESTELLEN - 24\/48-STUNDEN-LIEFERUNG","isPartOf":{"@id":"https:\/\/ladymary.com\/de\/#website"},"datePublished":"2018-05-14T17:39:46+00:00","dateModified":"2021-04-16T11:37:20+00:00","description":"Ladymary ist ein CBD Bl\u00fcten Anbauer, Gro\u00dfh\u00e4ndler und Shop, wo Sie CBD Bl\u00fcten online bestellen k\u00f6nnen. Premium CBD Hanf, 100% legal f\u00fcr Europa","breadcrumb":{"@id":"https:\/\/ladymary.com\/de\/#breadcrumb"},"inLanguage":"de","potentialAction":[{"@type":"ReadAction","target":["https:\/\/ladymary.com\/de\/"]}]},{"@type":"BreadcrumbList","@id":"https:\/\/ladymary.com\/de\/#breadcrumb","itemListElement":[{"@type":"ListItem","position":1,"name":"Home","item":"https:\/\/ladymary.com\/de\/home\/"},{"@type":"ListItem","position":2,"name":"Home"}]},{"@type":"WebSite","@id":"https:\/\/ladymary.com\/de\/#website","url":"https:\/\/ladymary.com\/de\/","name":"LadyMary","description":"Cannabis Flower Boutique","publisher":{"@id":"https:\/\/ladymary.com\/de\/#organization"},"potentialAction":[{"@type":"SearchAction","target":{"@type":"EntryPoint","urlTemplate":"https:\/\/ladymary.com\/de\/?s={search_term_string}"},"query-input":{"@type":"PropertyValueSpecification","valueRequired":true,"valueName":"search_term_string"}}],"inLanguage":"de"},{"@type":"Organization","@id":"https:\/\/ladymary.com\/de\/#organization","name":"Ladymary","url":"https:\/\/ladymary.com\/de\/","logo":{"@type":"ImageObject","inLanguage":"de","@id":"https:\/\/ladymary.com\/de\/#\/schema\/logo\/image\/","url":"https:\/\/ladymary.com\/wp-content\/uploads\/2018\/04\/logo_small.png","contentUrl":"https:\/\/ladymary.com\/wp-content\/uploads\/2018\/04\/logo_small.png","width":400,"height":83,"caption":"Ladymary"},"image":{"@id":"https:\/\/ladymary.com\/de\/#\/schema\/logo\/image\/"},"sameAs":["https:\/\/www.facebook.com\/ladymaryj\/","https:\/\/x.com\/ladymarych","https:\/\/www.instagram.com\/ladymary_official\/"]}]}},"_links":{"self":[{"href":"https:\/\/ladymary.com\/de\/wp-json\/wp\/v2\/pages\/14406","targetHints":{"allow":["GET"]}}],"collection":[{"href":"https:\/\/ladymary.com\/de\/wp-json\/wp\/v2\/pages"}],"about":[{"href":"https:\/\/ladymary.com\/de\/wp-json\/wp\/v2\/types\/page"}],"author":[{"embeddable":true,"href":"https:\/\/ladymary.com\/de\/wp-json\/wp\/v2\/users\/2"}],"replies":[{"embeddable":true,"href":"https:\/\/ladymary.com\/de\/wp-json\/wp\/v2\/comments?post=14406"}],"version-history":[{"count":0,"href":"https:\/\/ladymary.com\/de\/wp-json\/wp\/v2\/pages\/14406\/revisions"}],"wp:attachment":[{"href":"https:\/\/ladymary.com\/de\/wp-json\/wp\/v2\/media?parent=14406"}],"curies":[{"name":"wp","href":"https:\/\/api.w.org\/{rel}","templated":true}]}}